{"id":100,"date":"2021-07-30T07:31:29","date_gmt":"2021-07-30T07:31:29","guid":{"rendered":"http:\/\/e127888.easynamehosting.com\/?page_id=100"},"modified":"2021-09-06T06:39:31","modified_gmt":"2021-09-06T06:39:31","slug":"kinderbehandlung","status":"publish","type":"page","link":"https:\/\/zahnarztpraxis-wellendorf.de\/en\/kinderbehandlung\/","title":{"rendered":"Child treatment"},"content":{"rendered":"<p>Dear children, dear parents,<\/p>\n\n\n\n<p>A relaxed and pleasant atmosphere awaits you in our practice, where you will feel at ease. Our greatest goal is that the children develop a healthy self-confidence and thus enjoy coming to the dentist and leave the practice with a bright smile. In this way, we lay a foundation for the necessary relationship of trust and lifelong dental health. We playfully try to familiarize the little ones with the dental equipment and sounds of a dental office during their 1st visit to the dentist. We are happy to be there for you!\n\nTranslated with www.DeepL.com\/Translator (free version)<\/p>\n\n\n\n<p>In rare and difficult cases, the use of&nbsp;<strong>Nitrous oxide<\/strong>&nbsp;for sedation possible.<\/p>","protected":false},"excerpt":{"rendered":"<p>Liebe Kinder, liebe Eltern, bei uns erwartet Euch eine entspannte und angenehme Atmosph\u00e4re, in der Ihr euch wohlf\u00fchlt. Unser gr\u00f6\u00dftes Ziel ist es, dass die Kinder ein gesundes Selbstbewusstsein entwickeln und so gerne zum Zahnarzt kommen und mit einem strahlenden L\u00e4cheln die Praxis verlassen. So legen wir einen Grundstein f\u00fcr das notwendige Vertrauensverh\u00e4ltnis und eine [&hellip;]<\/p>","protected":false},"author":1,"featured_media":0,"parent":0,"menu_order":0,"comment_status":"closed","ping_status":"closed","template":"","meta":{"footnotes":""},"class_list":["post-100","page","type-page","status-publish","hentry"],"acf":[],"yoast_head":"<!-- This site is optimized with the Yoast SEO plugin v27.6 - https:\/\/yoast.com\/product\/yoast-seo-wordpress\/ -->\n<title>Kinderbehandlung - Zahnarztpraxis Wellendorf<\/title>\n<meta name=\"robots\" content=\"noindex, follow, max-snippet:-1, max-image-preview:large, max-video-preview:-1\" \/>\n<meta property=\"og:locale\" content=\"en_GB\" \/>\n<meta property=\"og:type\" content=\"article\" \/>\n<meta property=\"og:title\" content=\"Kinderbehandlung - Zahnarztpraxis Wellendorf\" \/>\n<meta property=\"og:description\" content=\"Liebe Kinder, liebe Eltern, bei uns erwartet Euch eine entspannte und angenehme Atmosph\u00e4re, in der Ihr euch wohlf\u00fchlt. Unser gr\u00f6\u00dftes Ziel ist es, dass die Kinder ein gesundes Selbstbewusstsein entwickeln und so gerne zum Zahnarzt kommen und mit einem strahlenden L\u00e4cheln die Praxis verlassen. So legen wir einen Grundstein f\u00fcr das notwendige Vertrauensverh\u00e4ltnis und eine [&hellip;]\" \/>\n<meta property=\"og:url\" content=\"https:\/\/zahnarztpraxis-wellendorf.de\/en\/kinderbehandlung\/\" \/>\n<meta property=\"og:site_name\" content=\"Zahnarztpraxis Wellendorf\" \/>\n<meta property=\"article:publisher\" content=\"https:\/\/de-de.facebook.com\/ZA-Wellendorf-Partner-104305454857432\/\" \/>\n<meta property=\"article:modified_time\" content=\"2021-09-06T06:39:31+00:00\" \/>\n<meta name=\"twitter:card\" content=\"summary_large_image\" \/>\n<meta name=\"twitter:label1\" content=\"Estimated reading time\" \/>\n\t<meta name=\"twitter:data1\" content=\"1 minute\" \/>\n<script type=\"application\/ld+json\" class=\"yoast-schema-graph\">{\"@context\":\"https:\\\/\\\/schema.org\",\"@graph\":[{\"@type\":\"WebPage\",\"@id\":\"https:\\\/\\\/zahnarztpraxis-wellendorf.de\\\/kinderbehandlung\\\/\",\"url\":\"https:\\\/\\\/zahnarztpraxis-wellendorf.de\\\/kinderbehandlung\\\/\",\"name\":\"Kinderbehandlung - Zahnarztpraxis Wellendorf\",\"isPartOf\":{\"@id\":\"https:\\\/\\\/zahnarztpraxis-wellendorf.de\\\/#website\"},\"datePublished\":\"2021-07-30T07:31:29+00:00\",\"dateModified\":\"2021-09-06T06:39:31+00:00\",\"breadcrumb\":{\"@id\":\"https:\\\/\\\/zahnarztpraxis-wellendorf.de\\\/kinderbehandlung\\\/#breadcrumb\"},\"inLanguage\":\"en-GB\",\"potentialAction\":[{\"@type\":\"ReadAction\",\"target\":[\"https:\\\/\\\/zahnarztpraxis-wellendorf.de\\\/kinderbehandlung\\\/\"]}]},{\"@type\":\"BreadcrumbList\",\"@id\":\"https:\\\/\\\/zahnarztpraxis-wellendorf.de\\\/kinderbehandlung\\\/#breadcrumb\",\"itemListElement\":[{\"@type\":\"ListItem\",\"position\":1,\"name\":\"Startseite\",\"item\":\"https:\\\/\\\/zahnarztpraxis-wellendorf.de\\\/\"},{\"@type\":\"ListItem\",\"position\":2,\"name\":\"Kinderbehandlung\"}]},{\"@type\":\"WebSite\",\"@id\":\"https:\\\/\\\/zahnarztpraxis-wellendorf.de\\\/#website\",\"url\":\"https:\\\/\\\/zahnarztpraxis-wellendorf.de\\\/\",\"name\":\"Zahnarztpraxis Wellendorf\",\"description\":\"\",\"publisher\":{\"@id\":\"https:\\\/\\\/zahnarztpraxis-wellendorf.de\\\/#organization\"},\"potentialAction\":[{\"@type\":\"SearchAction\",\"target\":{\"@type\":\"EntryPoint\",\"urlTemplate\":\"https:\\\/\\\/zahnarztpraxis-wellendorf.de\\\/?s={search_term_string}\"},\"query-input\":{\"@type\":\"PropertyValueSpecification\",\"valueRequired\":true,\"valueName\":\"search_term_string\"}}],\"inLanguage\":\"en-GB\"},{\"@type\":\"Organization\",\"@id\":\"https:\\\/\\\/zahnarztpraxis-wellendorf.de\\\/#organization\",\"name\":\"Zahnarztpraxis Wellendorf\",\"url\":\"https:\\\/\\\/zahnarztpraxis-wellendorf.de\\\/\",\"logo\":{\"@type\":\"ImageObject\",\"inLanguage\":\"en-GB\",\"@id\":\"https:\\\/\\\/zahnarztpraxis-wellendorf.de\\\/#\\\/schema\\\/logo\\\/image\\\/\",\"url\":\"http:\\\/\\\/e127888.easynamehosting.com\\\/wp-content\\\/uploads\\\/2021\\\/04\\\/logo.png\",\"contentUrl\":\"http:\\\/\\\/e127888.easynamehosting.com\\\/wp-content\\\/uploads\\\/2021\\\/04\\\/logo.png\",\"width\":1167,\"height\":292,\"caption\":\"Zahnarztpraxis Wellendorf\"},\"image\":{\"@id\":\"https:\\\/\\\/zahnarztpraxis-wellendorf.de\\\/#\\\/schema\\\/logo\\\/image\\\/\"},\"sameAs\":[\"https:\\\/\\\/de-de.facebook.com\\\/ZA-Wellendorf-Partner-104305454857432\\\/\",\"https:\\\/\\\/www.instagram.com\\\/zawellendorf\"]}]}<\/script>\n<!-- \/ Yoast SEO plugin. -->","yoast_head_json":{"title":"Kinderbehandlung - Zahnarztpraxis Wellendorf","robots":{"index":"noindex","follow":"follow","max-snippet":"max-snippet:-1","max-image-preview":"max-image-preview:large","max-video-preview":"max-video-preview:-1"},"og_locale":"en_GB","og_type":"article","og_title":"Kinderbehandlung - Zahnarztpraxis Wellendorf","og_description":"Liebe Kinder, liebe Eltern, bei uns erwartet Euch eine entspannte und angenehme Atmosph\u00e4re, in der Ihr euch wohlf\u00fchlt. Unser gr\u00f6\u00dftes Ziel ist es, dass die Kinder ein gesundes Selbstbewusstsein entwickeln und so gerne zum Zahnarzt kommen und mit einem strahlenden L\u00e4cheln die Praxis verlassen. So legen wir einen Grundstein f\u00fcr das notwendige Vertrauensverh\u00e4ltnis und eine [&hellip;]","og_url":"https:\/\/zahnarztpraxis-wellendorf.de\/en\/kinderbehandlung\/","og_site_name":"Zahnarztpraxis Wellendorf","article_publisher":"https:\/\/de-de.facebook.com\/ZA-Wellendorf-Partner-104305454857432\/","article_modified_time":"2021-09-06T06:39:31+00:00","twitter_card":"summary_large_image","twitter_misc":{"Estimated reading time":"1 minute"},"schema":{"@context":"https:\/\/schema.org","@graph":[{"@type":"WebPage","@id":"https:\/\/zahnarztpraxis-wellendorf.de\/kinderbehandlung\/","url":"https:\/\/zahnarztpraxis-wellendorf.de\/kinderbehandlung\/","name":"Kinderbehandlung - Zahnarztpraxis Wellendorf","isPartOf":{"@id":"https:\/\/zahnarztpraxis-wellendorf.de\/#website"},"datePublished":"2021-07-30T07:31:29+00:00","dateModified":"2021-09-06T06:39:31+00:00","breadcrumb":{"@id":"https:\/\/zahnarztpraxis-wellendorf.de\/kinderbehandlung\/#breadcrumb"},"inLanguage":"en-GB","potentialAction":[{"@type":"ReadAction","target":["https:\/\/zahnarztpraxis-wellendorf.de\/kinderbehandlung\/"]}]},{"@type":"BreadcrumbList","@id":"https:\/\/zahnarztpraxis-wellendorf.de\/kinderbehandlung\/#breadcrumb","itemListElement":[{"@type":"ListItem","position":1,"name":"Startseite","item":"https:\/\/zahnarztpraxis-wellendorf.de\/"},{"@type":"ListItem","position":2,"name":"Kinderbehandlung"}]},{"@type":"WebSite","@id":"https:\/\/zahnarztpraxis-wellendorf.de\/#website","url":"https:\/\/zahnarztpraxis-wellendorf.de\/","name":"Zahnarztpraxis Wellendorf","description":"","publisher":{"@id":"https:\/\/zahnarztpraxis-wellendorf.de\/#organization"},"potentialAction":[{"@type":"SearchAction","target":{"@type":"EntryPoint","urlTemplate":"https:\/\/zahnarztpraxis-wellendorf.de\/?s={search_term_string}"},"query-input":{"@type":"PropertyValueSpecification","valueRequired":true,"valueName":"search_term_string"}}],"inLanguage":"en-GB"},{"@type":"Organization","@id":"https:\/\/zahnarztpraxis-wellendorf.de\/#organization","name":"Zahnarztpraxis Wellendorf","url":"https:\/\/zahnarztpraxis-wellendorf.de\/","logo":{"@type":"ImageObject","inLanguage":"en-GB","@id":"https:\/\/zahnarztpraxis-wellendorf.de\/#\/schema\/logo\/image\/","url":"http:\/\/e127888.easynamehosting.com\/wp-content\/uploads\/2021\/04\/logo.png","contentUrl":"http:\/\/e127888.easynamehosting.com\/wp-content\/uploads\/2021\/04\/logo.png","width":1167,"height":292,"caption":"Zahnarztpraxis Wellendorf"},"image":{"@id":"https:\/\/zahnarztpraxis-wellendorf.de\/#\/schema\/logo\/image\/"},"sameAs":["https:\/\/de-de.facebook.com\/ZA-Wellendorf-Partner-104305454857432\/","https:\/\/www.instagram.com\/zawellendorf"]}]}},"_links":{"self":[{"href":"https:\/\/zahnarztpraxis-wellendorf.de\/en\/wp-json\/wp\/v2\/pages\/100","targetHints":{"allow":["GET"]}}],"collection":[{"href":"https:\/\/zahnarztpraxis-wellendorf.de\/en\/wp-json\/wp\/v2\/pages"}],"about":[{"href":"https:\/\/zahnarztpraxis-wellendorf.de\/en\/wp-json\/wp\/v2\/types\/page"}],"author":[{"embeddable":true,"href":"https:\/\/zahnarztpraxis-wellendorf.de\/en\/wp-json\/wp\/v2\/users\/1"}],"replies":[{"embeddable":true,"href":"https:\/\/zahnarztpraxis-wellendorf.de\/en\/wp-json\/wp\/v2\/comments?post=100"}],"version-history":[{"count":3,"href":"https:\/\/zahnarztpraxis-wellendorf.de\/en\/wp-json\/wp\/v2\/pages\/100\/revisions"}],"predecessor-version":[{"id":162,"href":"https:\/\/zahnarztpraxis-wellendorf.de\/en\/wp-json\/wp\/v2\/pages\/100\/revisions\/162"}],"wp:attachment":[{"href":"https:\/\/zahnarztpraxis-wellendorf.de\/en\/wp-json\/wp\/v2\/media?parent=100"}],"curies":[{"name":"wp","href":"https:\/\/api.w.org\/{rel}","templated":true}]}}