{"id":102,"date":"2021-07-30T07:32:23","date_gmt":"2021-07-30T07:32:23","guid":{"rendered":"http:\/\/e127888.easynamehosting.com\/?page_id=102"},"modified":"2021-07-30T07:32:29","modified_gmt":"2021-07-30T07:32:29","slug":"zahnerhaltung","status":"publish","type":"page","link":"https:\/\/zahnarztpraxis-wellendorf.de\/en\/zahnerhaltung\/","title":{"rendered":"Dental conservation"},"content":{"rendered":"<p><strong>Our goal: healthy teeth, for life!<\/strong><\/p>\n\n\n\n<p>Our pillars of tooth-preserving measures include:<\/p>\n\n\n\n<ul class=\"wp-block-list\"><li>an individual bi-annual check-up of your teeth and periodontium<\/li><li>optimization of oral hygiene through prophylaxis management tailored to your needs<\/li><li>state-of-the-art individual filling therapies for caries-related defects<\/li><li>treatment of malocclusions and temporomandibular joint disorders by means of splinting and physiotherapy<\/li><li>periodontal treatments<\/li><li>endodontic treatments (root canal treatments) using precise mechanical preparation systems to determine the length of the root canals<\/li><li>prosthetic treatments (see CEREC and beyond)&nbsp;<\/li><li>implantological treatments to avoid unnecessary grinding of healthy tooth substance to accommodate bridges etc.<\/li><\/ul>","protected":false},"excerpt":{"rendered":"<p>Unser Ziel: Gesunde Z\u00e4hne, ein Leben lang! Zu unseren S\u00e4ulen der zahnerhaltenden Ma\u00dfnahmen geh\u00f6ren: ein individueller halbj\u00e4hrlicher Check Ihrer Z\u00e4hne und des Zahnhalteapparates die Optimierung der Mundhygiene durch ein auf Sie zugeschnittenes&nbsp; Prophylaxemanagement modernste individuelle F\u00fcllungstherapien bei kariesbedingten Defekten Behandlung von Zahnfehlstellungen und Kiefergelenkserkrankungen mittels Schienen- und Physiotherapie parodontologische Behandlungen endodontische Behandlungen (Wurzelkanalbehandlungen) mittels pr\u00e4zisen [&hellip;]<\/p>","protected":false},"author":1,"featured_media":0,"parent":0,"menu_order":0,"comment_status":"closed","ping_status":"closed","template":"","meta":{"footnotes":""},"class_list":["post-102","page","type-page","status-publish","hentry"],"acf":[],"yoast_head":"<!-- This site is optimized with the Yoast SEO plugin v27.4 - https:\/\/yoast.com\/product\/yoast-seo-wordpress\/ -->\n<title>Zahnerhaltung - Zahnarztpraxis Wellendorf<\/title>\n<meta name=\"robots\" content=\"noindex, follow, max-snippet:-1, max-image-preview:large, max-video-preview:-1\" \/>\n<meta property=\"og:locale\" content=\"en_GB\" \/>\n<meta property=\"og:type\" content=\"article\" \/>\n<meta property=\"og:title\" content=\"Zahnerhaltung - Zahnarztpraxis Wellendorf\" \/>\n<meta property=\"og:description\" content=\"Unser Ziel: Gesunde Z\u00e4hne, ein Leben lang! Zu unseren S\u00e4ulen der zahnerhaltenden Ma\u00dfnahmen geh\u00f6ren: ein individueller halbj\u00e4hrlicher Check Ihrer Z\u00e4hne und des Zahnhalteapparates die Optimierung der Mundhygiene durch ein auf Sie zugeschnittenes&nbsp; Prophylaxemanagement modernste individuelle F\u00fcllungstherapien bei kariesbedingten Defekten Behandlung von Zahnfehlstellungen und Kiefergelenkserkrankungen mittels Schienen- und Physiotherapie parodontologische Behandlungen endodontische Behandlungen (Wurzelkanalbehandlungen) mittels pr\u00e4zisen [&hellip;]\" \/>\n<meta property=\"og:url\" content=\"https:\/\/zahnarztpraxis-wellendorf.de\/en\/zahnerhaltung\/\" \/>\n<meta property=\"og:site_name\" content=\"Zahnarztpraxis Wellendorf\" \/>\n<meta property=\"article:publisher\" content=\"https:\/\/de-de.facebook.com\/ZA-Wellendorf-Partner-104305454857432\/\" \/>\n<meta property=\"article:modified_time\" content=\"2021-07-30T07:32:29+00:00\" \/>\n<meta name=\"twitter:card\" content=\"summary_large_image\" \/>\n<script type=\"application\/ld+json\" class=\"yoast-schema-graph\">{\"@context\":\"https:\\\/\\\/schema.org\",\"@graph\":[{\"@type\":\"WebPage\",\"@id\":\"https:\\\/\\\/zahnarztpraxis-wellendorf.de\\\/zahnerhaltung\\\/\",\"url\":\"https:\\\/\\\/zahnarztpraxis-wellendorf.de\\\/zahnerhaltung\\\/\",\"name\":\"Zahnerhaltung - Zahnarztpraxis Wellendorf\",\"isPartOf\":{\"@id\":\"https:\\\/\\\/zahnarztpraxis-wellendorf.de\\\/#website\"},\"datePublished\":\"2021-07-30T07:32:23+00:00\",\"dateModified\":\"2021-07-30T07:32:29+00:00\",\"breadcrumb\":{\"@id\":\"https:\\\/\\\/zahnarztpraxis-wellendorf.de\\\/zahnerhaltung\\\/#breadcrumb\"},\"inLanguage\":\"en-GB\",\"potentialAction\":[{\"@type\":\"ReadAction\",\"target\":[\"https:\\\/\\\/zahnarztpraxis-wellendorf.de\\\/zahnerhaltung\\\/\"]}]},{\"@type\":\"BreadcrumbList\",\"@id\":\"https:\\\/\\\/zahnarztpraxis-wellendorf.de\\\/zahnerhaltung\\\/#breadcrumb\",\"itemListElement\":[{\"@type\":\"ListItem\",\"position\":1,\"name\":\"Startseite\",\"item\":\"https:\\\/\\\/zahnarztpraxis-wellendorf.de\\\/\"},{\"@type\":\"ListItem\",\"position\":2,\"name\":\"Zahnerhaltung\"}]},{\"@type\":\"WebSite\",\"@id\":\"https:\\\/\\\/zahnarztpraxis-wellendorf.de\\\/#website\",\"url\":\"https:\\\/\\\/zahnarztpraxis-wellendorf.de\\\/\",\"name\":\"Zahnarztpraxis Wellendorf\",\"description\":\"\",\"publisher\":{\"@id\":\"https:\\\/\\\/zahnarztpraxis-wellendorf.de\\\/#organization\"},\"potentialAction\":[{\"@type\":\"SearchAction\",\"target\":{\"@type\":\"EntryPoint\",\"urlTemplate\":\"https:\\\/\\\/zahnarztpraxis-wellendorf.de\\\/?s={search_term_string}\"},\"query-input\":{\"@type\":\"PropertyValueSpecification\",\"valueRequired\":true,\"valueName\":\"search_term_string\"}}],\"inLanguage\":\"en-GB\"},{\"@type\":\"Organization\",\"@id\":\"https:\\\/\\\/zahnarztpraxis-wellendorf.de\\\/#organization\",\"name\":\"Zahnarztpraxis Wellendorf\",\"url\":\"https:\\\/\\\/zahnarztpraxis-wellendorf.de\\\/\",\"logo\":{\"@type\":\"ImageObject\",\"inLanguage\":\"en-GB\",\"@id\":\"https:\\\/\\\/zahnarztpraxis-wellendorf.de\\\/#\\\/schema\\\/logo\\\/image\\\/\",\"url\":\"http:\\\/\\\/e127888.easynamehosting.com\\\/wp-content\\\/uploads\\\/2021\\\/04\\\/logo.png\",\"contentUrl\":\"http:\\\/\\\/e127888.easynamehosting.com\\\/wp-content\\\/uploads\\\/2021\\\/04\\\/logo.png\",\"width\":1167,\"height\":292,\"caption\":\"Zahnarztpraxis Wellendorf\"},\"image\":{\"@id\":\"https:\\\/\\\/zahnarztpraxis-wellendorf.de\\\/#\\\/schema\\\/logo\\\/image\\\/\"},\"sameAs\":[\"https:\\\/\\\/de-de.facebook.com\\\/ZA-Wellendorf-Partner-104305454857432\\\/\",\"https:\\\/\\\/www.instagram.com\\\/zawellendorf\"]}]}<\/script>\n<!-- \/ Yoast SEO plugin. -->","yoast_head_json":{"title":"Zahnerhaltung - Zahnarztpraxis Wellendorf","robots":{"index":"noindex","follow":"follow","max-snippet":"max-snippet:-1","max-image-preview":"max-image-preview:large","max-video-preview":"max-video-preview:-1"},"og_locale":"en_GB","og_type":"article","og_title":"Zahnerhaltung - Zahnarztpraxis Wellendorf","og_description":"Unser Ziel: Gesunde Z\u00e4hne, ein Leben lang! Zu unseren S\u00e4ulen der zahnerhaltenden Ma\u00dfnahmen geh\u00f6ren: ein individueller halbj\u00e4hrlicher Check Ihrer Z\u00e4hne und des Zahnhalteapparates die Optimierung der Mundhygiene durch ein auf Sie zugeschnittenes&nbsp; Prophylaxemanagement modernste individuelle F\u00fcllungstherapien bei kariesbedingten Defekten Behandlung von Zahnfehlstellungen und Kiefergelenkserkrankungen mittels Schienen- und Physiotherapie parodontologische Behandlungen endodontische Behandlungen (Wurzelkanalbehandlungen) mittels pr\u00e4zisen [&hellip;]","og_url":"https:\/\/zahnarztpraxis-wellendorf.de\/en\/zahnerhaltung\/","og_site_name":"Zahnarztpraxis Wellendorf","article_publisher":"https:\/\/de-de.facebook.com\/ZA-Wellendorf-Partner-104305454857432\/","article_modified_time":"2021-07-30T07:32:29+00:00","twitter_card":"summary_large_image","schema":{"@context":"https:\/\/schema.org","@graph":[{"@type":"WebPage","@id":"https:\/\/zahnarztpraxis-wellendorf.de\/zahnerhaltung\/","url":"https:\/\/zahnarztpraxis-wellendorf.de\/zahnerhaltung\/","name":"Zahnerhaltung - Zahnarztpraxis Wellendorf","isPartOf":{"@id":"https:\/\/zahnarztpraxis-wellendorf.de\/#website"},"datePublished":"2021-07-30T07:32:23+00:00","dateModified":"2021-07-30T07:32:29+00:00","breadcrumb":{"@id":"https:\/\/zahnarztpraxis-wellendorf.de\/zahnerhaltung\/#breadcrumb"},"inLanguage":"en-GB","potentialAction":[{"@type":"ReadAction","target":["https:\/\/zahnarztpraxis-wellendorf.de\/zahnerhaltung\/"]}]},{"@type":"BreadcrumbList","@id":"https:\/\/zahnarztpraxis-wellendorf.de\/zahnerhaltung\/#breadcrumb","itemListElement":[{"@type":"ListItem","position":1,"name":"Startseite","item":"https:\/\/zahnarztpraxis-wellendorf.de\/"},{"@type":"ListItem","position":2,"name":"Zahnerhaltung"}]},{"@type":"WebSite","@id":"https:\/\/zahnarztpraxis-wellendorf.de\/#website","url":"https:\/\/zahnarztpraxis-wellendorf.de\/","name":"Zahnarztpraxis Wellendorf","description":"","publisher":{"@id":"https:\/\/zahnarztpraxis-wellendorf.de\/#organization"},"potentialAction":[{"@type":"SearchAction","target":{"@type":"EntryPoint","urlTemplate":"https:\/\/zahnarztpraxis-wellendorf.de\/?s={search_term_string}"},"query-input":{"@type":"PropertyValueSpecification","valueRequired":true,"valueName":"search_term_string"}}],"inLanguage":"en-GB"},{"@type":"Organization","@id":"https:\/\/zahnarztpraxis-wellendorf.de\/#organization","name":"Zahnarztpraxis Wellendorf","url":"https:\/\/zahnarztpraxis-wellendorf.de\/","logo":{"@type":"ImageObject","inLanguage":"en-GB","@id":"https:\/\/zahnarztpraxis-wellendorf.de\/#\/schema\/logo\/image\/","url":"http:\/\/e127888.easynamehosting.com\/wp-content\/uploads\/2021\/04\/logo.png","contentUrl":"http:\/\/e127888.easynamehosting.com\/wp-content\/uploads\/2021\/04\/logo.png","width":1167,"height":292,"caption":"Zahnarztpraxis Wellendorf"},"image":{"@id":"https:\/\/zahnarztpraxis-wellendorf.de\/#\/schema\/logo\/image\/"},"sameAs":["https:\/\/de-de.facebook.com\/ZA-Wellendorf-Partner-104305454857432\/","https:\/\/www.instagram.com\/zawellendorf"]}]}},"_links":{"self":[{"href":"https:\/\/zahnarztpraxis-wellendorf.de\/en\/wp-json\/wp\/v2\/pages\/102","targetHints":{"allow":["GET"]}}],"collection":[{"href":"https:\/\/zahnarztpraxis-wellendorf.de\/en\/wp-json\/wp\/v2\/pages"}],"about":[{"href":"https:\/\/zahnarztpraxis-wellendorf.de\/en\/wp-json\/wp\/v2\/types\/page"}],"author":[{"embeddable":true,"href":"https:\/\/zahnarztpraxis-wellendorf.de\/en\/wp-json\/wp\/v2\/users\/1"}],"replies":[{"embeddable":true,"href":"https:\/\/zahnarztpraxis-wellendorf.de\/en\/wp-json\/wp\/v2\/comments?post=102"}],"version-history":[{"count":1,"href":"https:\/\/zahnarztpraxis-wellendorf.de\/en\/wp-json\/wp\/v2\/pages\/102\/revisions"}],"predecessor-version":[{"id":103,"href":"https:\/\/zahnarztpraxis-wellendorf.de\/en\/wp-json\/wp\/v2\/pages\/102\/revisions\/103"}],"wp:attachment":[{"href":"https:\/\/zahnarztpraxis-wellendorf.de\/en\/wp-json\/wp\/v2\/media?parent=102"}],"curies":[{"name":"wp","href":"https:\/\/api.w.org\/{rel}","templated":true}]}}