{"id":104,"date":"2021-07-30T07:32:45","date_gmt":"2021-07-30T07:32:45","guid":{"rendered":"http:\/\/e127888.easynamehosting.com\/?page_id=104"},"modified":"2021-08-24T09:16:51","modified_gmt":"2021-08-24T09:16:51","slug":"schlafmedizin-2","status":"publish","type":"page","link":"https:\/\/zahnarztpraxis-wellendorf.de\/en\/schlafmedizin-2\/","title":{"rendered":"Sleep Medicine"},"content":{"rendered":"<p><strong>Sleep better- live healthier!<\/strong><\/p>\n\n\n\n<p>The treatment of (obstructive) sleep apnea, snoring or sleep-related movement disorders such as nocturnal bruxism (teeth grinding) is carried out by means of a mandibular advancement splint. This is made and adjusted individually for you after measuring and taking an impression.\u00a0 So that you can enjoy your nightly hours restfully and successfully recharge your physical batteries. Please do not hesitate to contact us!\n\nTranslated with www.DeepL.com\/Translator (free version)<\/p>\n\n\n\n<p>Risks of snoring:<\/p>\n\n\n\n<ul class=\"wp-block-list\"><li>Nocturnal cessation of breathing for up to 1 minute (apnea)<\/li><li>High blood pressure (hypertension)<\/li><li>Heart problems up to sudden cardiac arrest<\/li><li>Daytime sleepiness<\/li><li>Microsleep -&gt; traffic accidents<\/li><li>chronic fatigue -&gt; burnout<\/li><li>Impotence<\/li><li>Nocturnal disturbance of the partner's peace<\/li><\/ul>","protected":false},"excerpt":{"rendered":"<p>Besser schlafen- ges\u00fcnder leben! Die Behandlung der (obstruktiven) Schlafapnoe, des Schnarchens oder auch schlafbezogene Bewegungsst\u00f6rungen, wie den n\u00e4chtlichen Bruxismus (Z\u00e4hneknirschen) erfolgt mittels einer Unterkieferprotrusionsschiene. Diese wird nach Vermessung und Abdrucknahme individuell f\u00fcr Sie hergestellt und angepasst.\u00a0 Damit Sie ihre n\u00e4chtlichen Stunden erholsam genie\u00dfen und die k\u00f6rperlichen Batterien erfolgreich wieder aufladen k\u00f6nnen. Sprechen Sie uns gern [&hellip;]<\/p>","protected":false},"author":1,"featured_media":0,"parent":0,"menu_order":0,"comment_status":"closed","ping_status":"closed","template":"","meta":{"footnotes":""},"class_list":["post-104","page","type-page","status-publish","hentry"],"acf":[],"yoast_head":"<!-- This site is optimized with the Yoast SEO plugin v27.4 - https:\/\/yoast.com\/product\/yoast-seo-wordpress\/ -->\n<title>Schlafmedizin - Zahnarztpraxis Wellendorf<\/title>\n<meta name=\"robots\" content=\"noindex, follow, max-snippet:-1, max-image-preview:large, max-video-preview:-1\" \/>\n<meta property=\"og:locale\" content=\"en_GB\" \/>\n<meta property=\"og:type\" content=\"article\" \/>\n<meta property=\"og:title\" content=\"Schlafmedizin - Zahnarztpraxis Wellendorf\" \/>\n<meta property=\"og:description\" content=\"Besser schlafen- ges\u00fcnder leben! Die Behandlung der (obstruktiven) Schlafapnoe, des Schnarchens oder auch schlafbezogene Bewegungsst\u00f6rungen, wie den n\u00e4chtlichen Bruxismus (Z\u00e4hneknirschen) erfolgt mittels einer Unterkieferprotrusionsschiene. Diese wird nach Vermessung und Abdrucknahme individuell f\u00fcr Sie hergestellt und angepasst.\u00a0 Damit Sie ihre n\u00e4chtlichen Stunden erholsam genie\u00dfen und die k\u00f6rperlichen Batterien erfolgreich wieder aufladen k\u00f6nnen. Sprechen Sie uns gern [&hellip;]\" \/>\n<meta property=\"og:url\" content=\"https:\/\/zahnarztpraxis-wellendorf.de\/en\/schlafmedizin-2\/\" \/>\n<meta property=\"og:site_name\" content=\"Zahnarztpraxis Wellendorf\" \/>\n<meta property=\"article:publisher\" content=\"https:\/\/de-de.facebook.com\/ZA-Wellendorf-Partner-104305454857432\/\" \/>\n<meta property=\"article:modified_time\" content=\"2021-08-24T09:16:51+00:00\" \/>\n<meta name=\"twitter:card\" content=\"summary_large_image\" \/>\n<script type=\"application\/ld+json\" class=\"yoast-schema-graph\">{\"@context\":\"https:\\\/\\\/schema.org\",\"@graph\":[{\"@type\":\"WebPage\",\"@id\":\"https:\\\/\\\/zahnarztpraxis-wellendorf.de\\\/schlafmedizin-2\\\/\",\"url\":\"https:\\\/\\\/zahnarztpraxis-wellendorf.de\\\/schlafmedizin-2\\\/\",\"name\":\"Schlafmedizin - Zahnarztpraxis Wellendorf\",\"isPartOf\":{\"@id\":\"https:\\\/\\\/zahnarztpraxis-wellendorf.de\\\/#website\"},\"datePublished\":\"2021-07-30T07:32:45+00:00\",\"dateModified\":\"2021-08-24T09:16:51+00:00\",\"breadcrumb\":{\"@id\":\"https:\\\/\\\/zahnarztpraxis-wellendorf.de\\\/schlafmedizin-2\\\/#breadcrumb\"},\"inLanguage\":\"en-GB\",\"potentialAction\":[{\"@type\":\"ReadAction\",\"target\":[\"https:\\\/\\\/zahnarztpraxis-wellendorf.de\\\/schlafmedizin-2\\\/\"]}]},{\"@type\":\"BreadcrumbList\",\"@id\":\"https:\\\/\\\/zahnarztpraxis-wellendorf.de\\\/schlafmedizin-2\\\/#breadcrumb\",\"itemListElement\":[{\"@type\":\"ListItem\",\"position\":1,\"name\":\"Startseite\",\"item\":\"https:\\\/\\\/zahnarztpraxis-wellendorf.de\\\/\"},{\"@type\":\"ListItem\",\"position\":2,\"name\":\"Schlafmedizin\"}]},{\"@type\":\"WebSite\",\"@id\":\"https:\\\/\\\/zahnarztpraxis-wellendorf.de\\\/#website\",\"url\":\"https:\\\/\\\/zahnarztpraxis-wellendorf.de\\\/\",\"name\":\"Zahnarztpraxis Wellendorf\",\"description\":\"\",\"publisher\":{\"@id\":\"https:\\\/\\\/zahnarztpraxis-wellendorf.de\\\/#organization\"},\"potentialAction\":[{\"@type\":\"SearchAction\",\"target\":{\"@type\":\"EntryPoint\",\"urlTemplate\":\"https:\\\/\\\/zahnarztpraxis-wellendorf.de\\\/?s={search_term_string}\"},\"query-input\":{\"@type\":\"PropertyValueSpecification\",\"valueRequired\":true,\"valueName\":\"search_term_string\"}}],\"inLanguage\":\"en-GB\"},{\"@type\":\"Organization\",\"@id\":\"https:\\\/\\\/zahnarztpraxis-wellendorf.de\\\/#organization\",\"name\":\"Zahnarztpraxis Wellendorf\",\"url\":\"https:\\\/\\\/zahnarztpraxis-wellendorf.de\\\/\",\"logo\":{\"@type\":\"ImageObject\",\"inLanguage\":\"en-GB\",\"@id\":\"https:\\\/\\\/zahnarztpraxis-wellendorf.de\\\/#\\\/schema\\\/logo\\\/image\\\/\",\"url\":\"http:\\\/\\\/e127888.easynamehosting.com\\\/wp-content\\\/uploads\\\/2021\\\/04\\\/logo.png\",\"contentUrl\":\"http:\\\/\\\/e127888.easynamehosting.com\\\/wp-content\\\/uploads\\\/2021\\\/04\\\/logo.png\",\"width\":1167,\"height\":292,\"caption\":\"Zahnarztpraxis Wellendorf\"},\"image\":{\"@id\":\"https:\\\/\\\/zahnarztpraxis-wellendorf.de\\\/#\\\/schema\\\/logo\\\/image\\\/\"},\"sameAs\":[\"https:\\\/\\\/de-de.facebook.com\\\/ZA-Wellendorf-Partner-104305454857432\\\/\",\"https:\\\/\\\/www.instagram.com\\\/zawellendorf\"]}]}<\/script>\n<!-- \/ Yoast SEO plugin. -->","yoast_head_json":{"title":"Schlafmedizin - Zahnarztpraxis Wellendorf","robots":{"index":"noindex","follow":"follow","max-snippet":"max-snippet:-1","max-image-preview":"max-image-preview:large","max-video-preview":"max-video-preview:-1"},"og_locale":"en_GB","og_type":"article","og_title":"Schlafmedizin - Zahnarztpraxis Wellendorf","og_description":"Besser schlafen- ges\u00fcnder leben! Die Behandlung der (obstruktiven) Schlafapnoe, des Schnarchens oder auch schlafbezogene Bewegungsst\u00f6rungen, wie den n\u00e4chtlichen Bruxismus (Z\u00e4hneknirschen) erfolgt mittels einer Unterkieferprotrusionsschiene. Diese wird nach Vermessung und Abdrucknahme individuell f\u00fcr Sie hergestellt und angepasst.\u00a0 Damit Sie ihre n\u00e4chtlichen Stunden erholsam genie\u00dfen und die k\u00f6rperlichen Batterien erfolgreich wieder aufladen k\u00f6nnen. Sprechen Sie uns gern [&hellip;]","og_url":"https:\/\/zahnarztpraxis-wellendorf.de\/en\/schlafmedizin-2\/","og_site_name":"Zahnarztpraxis Wellendorf","article_publisher":"https:\/\/de-de.facebook.com\/ZA-Wellendorf-Partner-104305454857432\/","article_modified_time":"2021-08-24T09:16:51+00:00","twitter_card":"summary_large_image","schema":{"@context":"https:\/\/schema.org","@graph":[{"@type":"WebPage","@id":"https:\/\/zahnarztpraxis-wellendorf.de\/schlafmedizin-2\/","url":"https:\/\/zahnarztpraxis-wellendorf.de\/schlafmedizin-2\/","name":"Schlafmedizin - Zahnarztpraxis Wellendorf","isPartOf":{"@id":"https:\/\/zahnarztpraxis-wellendorf.de\/#website"},"datePublished":"2021-07-30T07:32:45+00:00","dateModified":"2021-08-24T09:16:51+00:00","breadcrumb":{"@id":"https:\/\/zahnarztpraxis-wellendorf.de\/schlafmedizin-2\/#breadcrumb"},"inLanguage":"en-GB","potentialAction":[{"@type":"ReadAction","target":["https:\/\/zahnarztpraxis-wellendorf.de\/schlafmedizin-2\/"]}]},{"@type":"BreadcrumbList","@id":"https:\/\/zahnarztpraxis-wellendorf.de\/schlafmedizin-2\/#breadcrumb","itemListElement":[{"@type":"ListItem","position":1,"name":"Startseite","item":"https:\/\/zahnarztpraxis-wellendorf.de\/"},{"@type":"ListItem","position":2,"name":"Schlafmedizin"}]},{"@type":"WebSite","@id":"https:\/\/zahnarztpraxis-wellendorf.de\/#website","url":"https:\/\/zahnarztpraxis-wellendorf.de\/","name":"Zahnarztpraxis Wellendorf","description":"","publisher":{"@id":"https:\/\/zahnarztpraxis-wellendorf.de\/#organization"},"potentialAction":[{"@type":"SearchAction","target":{"@type":"EntryPoint","urlTemplate":"https:\/\/zahnarztpraxis-wellendorf.de\/?s={search_term_string}"},"query-input":{"@type":"PropertyValueSpecification","valueRequired":true,"valueName":"search_term_string"}}],"inLanguage":"en-GB"},{"@type":"Organization","@id":"https:\/\/zahnarztpraxis-wellendorf.de\/#organization","name":"Zahnarztpraxis Wellendorf","url":"https:\/\/zahnarztpraxis-wellendorf.de\/","logo":{"@type":"ImageObject","inLanguage":"en-GB","@id":"https:\/\/zahnarztpraxis-wellendorf.de\/#\/schema\/logo\/image\/","url":"http:\/\/e127888.easynamehosting.com\/wp-content\/uploads\/2021\/04\/logo.png","contentUrl":"http:\/\/e127888.easynamehosting.com\/wp-content\/uploads\/2021\/04\/logo.png","width":1167,"height":292,"caption":"Zahnarztpraxis Wellendorf"},"image":{"@id":"https:\/\/zahnarztpraxis-wellendorf.de\/#\/schema\/logo\/image\/"},"sameAs":["https:\/\/de-de.facebook.com\/ZA-Wellendorf-Partner-104305454857432\/","https:\/\/www.instagram.com\/zawellendorf"]}]}},"_links":{"self":[{"href":"https:\/\/zahnarztpraxis-wellendorf.de\/en\/wp-json\/wp\/v2\/pages\/104","targetHints":{"allow":["GET"]}}],"collection":[{"href":"https:\/\/zahnarztpraxis-wellendorf.de\/en\/wp-json\/wp\/v2\/pages"}],"about":[{"href":"https:\/\/zahnarztpraxis-wellendorf.de\/en\/wp-json\/wp\/v2\/types\/page"}],"author":[{"embeddable":true,"href":"https:\/\/zahnarztpraxis-wellendorf.de\/en\/wp-json\/wp\/v2\/users\/1"}],"replies":[{"embeddable":true,"href":"https:\/\/zahnarztpraxis-wellendorf.de\/en\/wp-json\/wp\/v2\/comments?post=104"}],"version-history":[{"count":2,"href":"https:\/\/zahnarztpraxis-wellendorf.de\/en\/wp-json\/wp\/v2\/pages\/104\/revisions"}],"predecessor-version":[{"id":121,"href":"https:\/\/zahnarztpraxis-wellendorf.de\/en\/wp-json\/wp\/v2\/pages\/104\/revisions\/121"}],"wp:attachment":[{"href":"https:\/\/zahnarztpraxis-wellendorf.de\/en\/wp-json\/wp\/v2\/media?parent=104"}],"curies":[{"name":"wp","href":"https:\/\/api.w.org\/{rel}","templated":true}]}}