{"id":106,"date":"2021-07-30T07:38:30","date_gmt":"2021-07-30T07:38:30","guid":{"rendered":"http:\/\/e127888.easynamehosting.com\/?page_id=106"},"modified":"2021-08-24T09:19:44","modified_gmt":"2021-08-24T09:19:44","slug":"keramische-rekonstruktion","status":"publish","type":"page","link":"https:\/\/zahnarztpraxis-wellendorf.de\/en\/keramische-rekonstruktion\/","title":{"rendered":"Ceramic reconstruction"},"content":{"rendered":"<p>With the unique Cerec system (Cerec= <strong>Ce<\/strong>ramic <strong>Rec<\/strong>onstruction), we are able to fabricate crowns, partial crowns, veneers, inlays or bridges made of all-ceramics in just one session and insert them immediately. An impression, which most people find inconvenient, is no longer necessary, nor do you need temporaries.<\/p>","protected":false},"excerpt":{"rendered":"<p>Mit dem einzigartigen Cerec System (Cerec= Ceramic Reconstruction) ist es uns m\u00f6glich Ihnen Kronen, Teilkronen, Veneers, Inlays oder Br\u00fccken aus Vollkeramik in nur einer Sitzung herzustellen und sofort einzusetzen. Eine, f\u00fcr die meisten l\u00e4stig empfundene Abdrucknahme, ist dabei nicht mehr n\u00f6tig, ebenso ben\u00f6tigen Sie keine Provisorien.<\/p>","protected":false},"author":1,"featured_media":0,"parent":0,"menu_order":0,"comment_status":"closed","ping_status":"closed","template":"","meta":{"footnotes":""},"class_list":["post-106","page","type-page","status-publish","hentry"],"acf":[],"yoast_head":"<!-- This site is optimized with the Yoast SEO plugin v27.4 - https:\/\/yoast.com\/product\/yoast-seo-wordpress\/ -->\n<title>Keramische Rekonstruktion - Zahnarztpraxis Wellendorf<\/title>\n<meta name=\"robots\" content=\"noindex, follow, max-snippet:-1, max-image-preview:large, max-video-preview:-1\" \/>\n<meta property=\"og:locale\" content=\"en_GB\" \/>\n<meta property=\"og:type\" content=\"article\" \/>\n<meta property=\"og:title\" content=\"Keramische Rekonstruktion - Zahnarztpraxis Wellendorf\" \/>\n<meta property=\"og:description\" content=\"Mit dem einzigartigen Cerec System (Cerec= Ceramic Reconstruction) ist es uns m\u00f6glich Ihnen Kronen, Teilkronen, Veneers, Inlays oder Br\u00fccken aus Vollkeramik in nur einer Sitzung herzustellen und sofort einzusetzen. Eine, f\u00fcr die meisten l\u00e4stig empfundene Abdrucknahme, ist dabei nicht mehr n\u00f6tig, ebenso ben\u00f6tigen Sie keine Provisorien.\" \/>\n<meta property=\"og:url\" content=\"https:\/\/zahnarztpraxis-wellendorf.de\/en\/keramische-rekonstruktion\/\" \/>\n<meta property=\"og:site_name\" content=\"Zahnarztpraxis Wellendorf\" \/>\n<meta property=\"article:publisher\" content=\"https:\/\/de-de.facebook.com\/ZA-Wellendorf-Partner-104305454857432\/\" \/>\n<meta property=\"article:modified_time\" content=\"2021-08-24T09:19:44+00:00\" \/>\n<meta name=\"twitter:card\" content=\"summary_large_image\" \/>\n<script type=\"application\/ld+json\" class=\"yoast-schema-graph\">{\"@context\":\"https:\\\/\\\/schema.org\",\"@graph\":[{\"@type\":\"WebPage\",\"@id\":\"https:\\\/\\\/zahnarztpraxis-wellendorf.de\\\/keramische-rekonstruktion\\\/\",\"url\":\"https:\\\/\\\/zahnarztpraxis-wellendorf.de\\\/keramische-rekonstruktion\\\/\",\"name\":\"Keramische Rekonstruktion - Zahnarztpraxis Wellendorf\",\"isPartOf\":{\"@id\":\"https:\\\/\\\/zahnarztpraxis-wellendorf.de\\\/#website\"},\"datePublished\":\"2021-07-30T07:38:30+00:00\",\"dateModified\":\"2021-08-24T09:19:44+00:00\",\"breadcrumb\":{\"@id\":\"https:\\\/\\\/zahnarztpraxis-wellendorf.de\\\/keramische-rekonstruktion\\\/#breadcrumb\"},\"inLanguage\":\"en-GB\",\"potentialAction\":[{\"@type\":\"ReadAction\",\"target\":[\"https:\\\/\\\/zahnarztpraxis-wellendorf.de\\\/keramische-rekonstruktion\\\/\"]}]},{\"@type\":\"BreadcrumbList\",\"@id\":\"https:\\\/\\\/zahnarztpraxis-wellendorf.de\\\/keramische-rekonstruktion\\\/#breadcrumb\",\"itemListElement\":[{\"@type\":\"ListItem\",\"position\":1,\"name\":\"Startseite\",\"item\":\"https:\\\/\\\/zahnarztpraxis-wellendorf.de\\\/\"},{\"@type\":\"ListItem\",\"position\":2,\"name\":\"Keramische Rekonstruktion\"}]},{\"@type\":\"WebSite\",\"@id\":\"https:\\\/\\\/zahnarztpraxis-wellendorf.de\\\/#website\",\"url\":\"https:\\\/\\\/zahnarztpraxis-wellendorf.de\\\/\",\"name\":\"Zahnarztpraxis Wellendorf\",\"description\":\"\",\"publisher\":{\"@id\":\"https:\\\/\\\/zahnarztpraxis-wellendorf.de\\\/#organization\"},\"potentialAction\":[{\"@type\":\"SearchAction\",\"target\":{\"@type\":\"EntryPoint\",\"urlTemplate\":\"https:\\\/\\\/zahnarztpraxis-wellendorf.de\\\/?s={search_term_string}\"},\"query-input\":{\"@type\":\"PropertyValueSpecification\",\"valueRequired\":true,\"valueName\":\"search_term_string\"}}],\"inLanguage\":\"en-GB\"},{\"@type\":\"Organization\",\"@id\":\"https:\\\/\\\/zahnarztpraxis-wellendorf.de\\\/#organization\",\"name\":\"Zahnarztpraxis Wellendorf\",\"url\":\"https:\\\/\\\/zahnarztpraxis-wellendorf.de\\\/\",\"logo\":{\"@type\":\"ImageObject\",\"inLanguage\":\"en-GB\",\"@id\":\"https:\\\/\\\/zahnarztpraxis-wellendorf.de\\\/#\\\/schema\\\/logo\\\/image\\\/\",\"url\":\"http:\\\/\\\/e127888.easynamehosting.com\\\/wp-content\\\/uploads\\\/2021\\\/04\\\/logo.png\",\"contentUrl\":\"http:\\\/\\\/e127888.easynamehosting.com\\\/wp-content\\\/uploads\\\/2021\\\/04\\\/logo.png\",\"width\":1167,\"height\":292,\"caption\":\"Zahnarztpraxis Wellendorf\"},\"image\":{\"@id\":\"https:\\\/\\\/zahnarztpraxis-wellendorf.de\\\/#\\\/schema\\\/logo\\\/image\\\/\"},\"sameAs\":[\"https:\\\/\\\/de-de.facebook.com\\\/ZA-Wellendorf-Partner-104305454857432\\\/\",\"https:\\\/\\\/www.instagram.com\\\/zawellendorf\"]}]}<\/script>\n<!-- \/ Yoast SEO plugin. -->","yoast_head_json":{"title":"Keramische Rekonstruktion - Zahnarztpraxis Wellendorf","robots":{"index":"noindex","follow":"follow","max-snippet":"max-snippet:-1","max-image-preview":"max-image-preview:large","max-video-preview":"max-video-preview:-1"},"og_locale":"en_GB","og_type":"article","og_title":"Keramische Rekonstruktion - Zahnarztpraxis Wellendorf","og_description":"Mit dem einzigartigen Cerec System (Cerec= Ceramic Reconstruction) ist es uns m\u00f6glich Ihnen Kronen, Teilkronen, Veneers, Inlays oder Br\u00fccken aus Vollkeramik in nur einer Sitzung herzustellen und sofort einzusetzen. Eine, f\u00fcr die meisten l\u00e4stig empfundene Abdrucknahme, ist dabei nicht mehr n\u00f6tig, ebenso ben\u00f6tigen Sie keine Provisorien.","og_url":"https:\/\/zahnarztpraxis-wellendorf.de\/en\/keramische-rekonstruktion\/","og_site_name":"Zahnarztpraxis Wellendorf","article_publisher":"https:\/\/de-de.facebook.com\/ZA-Wellendorf-Partner-104305454857432\/","article_modified_time":"2021-08-24T09:19:44+00:00","twitter_card":"summary_large_image","schema":{"@context":"https:\/\/schema.org","@graph":[{"@type":"WebPage","@id":"https:\/\/zahnarztpraxis-wellendorf.de\/keramische-rekonstruktion\/","url":"https:\/\/zahnarztpraxis-wellendorf.de\/keramische-rekonstruktion\/","name":"Keramische Rekonstruktion - Zahnarztpraxis Wellendorf","isPartOf":{"@id":"https:\/\/zahnarztpraxis-wellendorf.de\/#website"},"datePublished":"2021-07-30T07:38:30+00:00","dateModified":"2021-08-24T09:19:44+00:00","breadcrumb":{"@id":"https:\/\/zahnarztpraxis-wellendorf.de\/keramische-rekonstruktion\/#breadcrumb"},"inLanguage":"en-GB","potentialAction":[{"@type":"ReadAction","target":["https:\/\/zahnarztpraxis-wellendorf.de\/keramische-rekonstruktion\/"]}]},{"@type":"BreadcrumbList","@id":"https:\/\/zahnarztpraxis-wellendorf.de\/keramische-rekonstruktion\/#breadcrumb","itemListElement":[{"@type":"ListItem","position":1,"name":"Startseite","item":"https:\/\/zahnarztpraxis-wellendorf.de\/"},{"@type":"ListItem","position":2,"name":"Keramische Rekonstruktion"}]},{"@type":"WebSite","@id":"https:\/\/zahnarztpraxis-wellendorf.de\/#website","url":"https:\/\/zahnarztpraxis-wellendorf.de\/","name":"Zahnarztpraxis Wellendorf","description":"","publisher":{"@id":"https:\/\/zahnarztpraxis-wellendorf.de\/#organization"},"potentialAction":[{"@type":"SearchAction","target":{"@type":"EntryPoint","urlTemplate":"https:\/\/zahnarztpraxis-wellendorf.de\/?s={search_term_string}"},"query-input":{"@type":"PropertyValueSpecification","valueRequired":true,"valueName":"search_term_string"}}],"inLanguage":"en-GB"},{"@type":"Organization","@id":"https:\/\/zahnarztpraxis-wellendorf.de\/#organization","name":"Zahnarztpraxis Wellendorf","url":"https:\/\/zahnarztpraxis-wellendorf.de\/","logo":{"@type":"ImageObject","inLanguage":"en-GB","@id":"https:\/\/zahnarztpraxis-wellendorf.de\/#\/schema\/logo\/image\/","url":"http:\/\/e127888.easynamehosting.com\/wp-content\/uploads\/2021\/04\/logo.png","contentUrl":"http:\/\/e127888.easynamehosting.com\/wp-content\/uploads\/2021\/04\/logo.png","width":1167,"height":292,"caption":"Zahnarztpraxis Wellendorf"},"image":{"@id":"https:\/\/zahnarztpraxis-wellendorf.de\/#\/schema\/logo\/image\/"},"sameAs":["https:\/\/de-de.facebook.com\/ZA-Wellendorf-Partner-104305454857432\/","https:\/\/www.instagram.com\/zawellendorf"]}]}},"_links":{"self":[{"href":"https:\/\/zahnarztpraxis-wellendorf.de\/en\/wp-json\/wp\/v2\/pages\/106","targetHints":{"allow":["GET"]}}],"collection":[{"href":"https:\/\/zahnarztpraxis-wellendorf.de\/en\/wp-json\/wp\/v2\/pages"}],"about":[{"href":"https:\/\/zahnarztpraxis-wellendorf.de\/en\/wp-json\/wp\/v2\/types\/page"}],"author":[{"embeddable":true,"href":"https:\/\/zahnarztpraxis-wellendorf.de\/en\/wp-json\/wp\/v2\/users\/1"}],"replies":[{"embeddable":true,"href":"https:\/\/zahnarztpraxis-wellendorf.de\/en\/wp-json\/wp\/v2\/comments?post=106"}],"version-history":[{"count":2,"href":"https:\/\/zahnarztpraxis-wellendorf.de\/en\/wp-json\/wp\/v2\/pages\/106\/revisions"}],"predecessor-version":[{"id":125,"href":"https:\/\/zahnarztpraxis-wellendorf.de\/en\/wp-json\/wp\/v2\/pages\/106\/revisions\/125"}],"wp:attachment":[{"href":"https:\/\/zahnarztpraxis-wellendorf.de\/en\/wp-json\/wp\/v2\/media?parent=106"}],"curies":[{"name":"wp","href":"https:\/\/api.w.org\/{rel}","templated":true}]}}