{"id":3,"date":"2021-04-23T08:18:21","date_gmt":"2021-04-23T08:18:21","guid":{"rendered":"http:\/\/e127888.easynamehosting.com\/?page_id=3"},"modified":"2021-08-27T09:24:34","modified_gmt":"2021-08-27T09:24:34","slug":"impressum","status":"publish","type":"page","link":"https:\/\/zahnarztpraxis-wellendorf.de\/en\/impressum\/","title":{"rendered":"Impressum"},"content":{"rendered":"<h2 class=\"wp-block-heading\">Information zum Teledienstgesetz (Pflichtangaben nach \u00a7 5 Telemediengesetz)<\/h2>\n\n\n\n<p><strong>Herausgeber<\/strong><br>Zahnarztpraxis Wellendorf &amp; Kollegen<br>Kurf\u00fcrstenstr. 79 in 10787 Berlin<br>eMail&nbsp;<a href=\"mailto:za-wellendorf@web.de\" data-type=\"mailto\" data-id=\"mailto:za-wellendorf@web.de\">za-wellendorf@web.de<\/a><br>Telefon 030 2625063<br><br><strong>Zust\u00e4ndige Kammer:<\/strong><br>Zahn\u00e4rztekammer Berlin | Stallstra\u00dfe 1 | 10585 Berlin<br><a rel=\"noreferrer noopener\" href=\"http:\/\/www.zaek-berlin.de\/\" target=\"_blank\">www.zaek-berlin.de<\/a><\/p>\n\n\n\n<p><strong>Approbationsbeh\u00f6rde:<\/strong><br>LaGeSo - Landesamt f\u00fcr Gesundheit und Soziales Berlin | Fehrbellinger Platz 1 | 10707 Berlin<br><br><strong>Kassenzahn\u00e4rztliche Vereinigung:<\/strong><br>Kassenzahn\u00e4rztliche Vereinigung Berlin | Georg-Wilhelm-Str. 16 | 10711 Berlin<br><a href=\"http:\/\/www.kzv-berlin.de\/\" target=\"_blank\" rel=\"noreferrer noopener\">www.kzv-berlin.de<\/a><br><br><strong>Gesetzliche Berufsbezeichnung:<\/strong>&nbsp;Zahnarzt<br><br><strong>Verleihender Staat:<\/strong>&nbsp;Bundesrepublik Deutschland<\/p>\n\n\n\n<p><strong>Berufsrechtliche Regelungen<\/strong><br>- Zahnheilkundegesetz<br>- Heilberufe-Kammergesetz<br>- Geb\u00fchrenordnung f\u00fcr Zahn\u00e4rzte<br><br>Die Regelungen sind auf der Internetseite der Zahn\u00e4rztekammer oder auf der Internetseite der KZV Berlin einzusehen&nbsp;<a rel=\"noreferrer noopener\" href=\"http:\/\/www.zaek-berlin.de\/\" target=\"_blank\">www.zaek-berlin.de<\/a>&nbsp;.<br><br><strong>Konzept, Gestaltung, und Programmierung:<\/strong><br>Florian Rammerstorfer<br><a href=\"https:\/\/www.florianrammerstorfer.com\/\">https:\/\/www.florianrammerstorfer.com\/<\/a><\/p>\n\n\n\n<p><\/p>","protected":false},"excerpt":{"rendered":"<p>Information zum Teledienstgesetz (Pflichtangaben nach \u00a7 5 Telemediengesetz) HerausgeberZahnarztpraxis Wellendorf &amp; KollegenKurf\u00fcrstenstr. 79 in 10787 BerlineMail&nbsp;za-wellendorf@web.deTelefon 030 2625063 Zust\u00e4ndige Kammer:Zahn\u00e4rztekammer Berlin | Stallstra\u00dfe 1 | 10585 Berlinwww.zaek-berlin.de Approbationsbeh\u00f6rde:LaGeSo - Landesamt f\u00fcr Gesundheit und Soziales Berlin | Fehrbellinger Platz 1 | 10707 Berlin Kassenzahn\u00e4rztliche Vereinigung:Kassenzahn\u00e4rztliche Vereinigung Berlin | Georg-Wilhelm-Str. 16 | 10711 Berlinwww.kzv-berlin.de Gesetzliche Berufsbezeichnung:&nbsp;Zahnarzt Verleihender [&hellip;]<\/p>","protected":false},"author":1,"featured_media":0,"parent":0,"menu_order":0,"comment_status":"closed","ping_status":"open","template":"","meta":{"footnotes":""},"class_list":["post-3","page","type-page","status-publish","hentry"],"acf":[],"yoast_head":"<!-- This site is optimized with the Yoast SEO plugin v27.6 - https:\/\/yoast.com\/product\/yoast-seo-wordpress\/ -->\n<title>Impressum - Zahnarztpraxis Wellendorf<\/title>\n<meta name=\"robots\" content=\"noindex, follow, max-snippet:-1, max-image-preview:large, max-video-preview:-1\" \/>\n<meta property=\"og:locale\" content=\"en_GB\" \/>\n<meta property=\"og:type\" content=\"article\" \/>\n<meta property=\"og:title\" content=\"Impressum - Zahnarztpraxis Wellendorf\" \/>\n<meta property=\"og:description\" content=\"Information zum Teledienstgesetz (Pflichtangaben nach \u00a7 5 Telemediengesetz) HerausgeberZahnarztpraxis Wellendorf &amp; KollegenKurf\u00fcrstenstr. 79 in 10787 BerlineMail&nbsp;za-wellendorf@web.deTelefon 030 2625063 Zust\u00e4ndige Kammer:Zahn\u00e4rztekammer Berlin | Stallstra\u00dfe 1 | 10585 Berlinwww.zaek-berlin.de Approbationsbeh\u00f6rde:LaGeSo - Landesamt f\u00fcr Gesundheit und Soziales Berlin | Fehrbellinger Platz 1 | 10707 Berlin Kassenzahn\u00e4rztliche Vereinigung:Kassenzahn\u00e4rztliche Vereinigung Berlin | Georg-Wilhelm-Str. 16 | 10711 Berlinwww.kzv-berlin.de Gesetzliche Berufsbezeichnung:&nbsp;Zahnarzt Verleihender [&hellip;]\" \/>\n<meta property=\"og:url\" content=\"https:\/\/zahnarztpraxis-wellendorf.de\/en\/impressum\/\" \/>\n<meta property=\"og:site_name\" content=\"Zahnarztpraxis Wellendorf\" \/>\n<meta property=\"article:publisher\" content=\"https:\/\/de-de.facebook.com\/ZA-Wellendorf-Partner-104305454857432\/\" \/>\n<meta property=\"article:modified_time\" content=\"2021-08-27T09:24:34+00:00\" \/>\n<meta name=\"twitter:card\" content=\"summary_large_image\" \/>\n<meta name=\"twitter:label1\" content=\"Estimated reading time\" \/>\n\t<meta name=\"twitter:data1\" content=\"1 minute\" \/>\n<script type=\"application\/ld+json\" class=\"yoast-schema-graph\">{\"@context\":\"https:\\\/\\\/schema.org\",\"@graph\":[{\"@type\":\"WebPage\",\"@id\":\"https:\\\/\\\/zahnarztpraxis-wellendorf.de\\\/impressum\\\/\",\"url\":\"https:\\\/\\\/zahnarztpraxis-wellendorf.de\\\/impressum\\\/\",\"name\":\"Impressum - Zahnarztpraxis Wellendorf\",\"isPartOf\":{\"@id\":\"https:\\\/\\\/zahnarztpraxis-wellendorf.de\\\/#website\"},\"datePublished\":\"2021-04-23T08:18:21+00:00\",\"dateModified\":\"2021-08-27T09:24:34+00:00\",\"breadcrumb\":{\"@id\":\"https:\\\/\\\/zahnarztpraxis-wellendorf.de\\\/impressum\\\/#breadcrumb\"},\"inLanguage\":\"en-GB\",\"potentialAction\":[{\"@type\":\"ReadAction\",\"target\":[\"https:\\\/\\\/zahnarztpraxis-wellendorf.de\\\/impressum\\\/\"]}]},{\"@type\":\"BreadcrumbList\",\"@id\":\"https:\\\/\\\/zahnarztpraxis-wellendorf.de\\\/impressum\\\/#breadcrumb\",\"itemListElement\":[{\"@type\":\"ListItem\",\"position\":1,\"name\":\"Startseite\",\"item\":\"https:\\\/\\\/zahnarztpraxis-wellendorf.de\\\/\"},{\"@type\":\"ListItem\",\"position\":2,\"name\":\"Impressum\"}]},{\"@type\":\"WebSite\",\"@id\":\"https:\\\/\\\/zahnarztpraxis-wellendorf.de\\\/#website\",\"url\":\"https:\\\/\\\/zahnarztpraxis-wellendorf.de\\\/\",\"name\":\"Zahnarztpraxis Wellendorf\",\"description\":\"\",\"publisher\":{\"@id\":\"https:\\\/\\\/zahnarztpraxis-wellendorf.de\\\/#organization\"},\"potentialAction\":[{\"@type\":\"SearchAction\",\"target\":{\"@type\":\"EntryPoint\",\"urlTemplate\":\"https:\\\/\\\/zahnarztpraxis-wellendorf.de\\\/?s={search_term_string}\"},\"query-input\":{\"@type\":\"PropertyValueSpecification\",\"valueRequired\":true,\"valueName\":\"search_term_string\"}}],\"inLanguage\":\"en-GB\"},{\"@type\":\"Organization\",\"@id\":\"https:\\\/\\\/zahnarztpraxis-wellendorf.de\\\/#organization\",\"name\":\"Zahnarztpraxis Wellendorf\",\"url\":\"https:\\\/\\\/zahnarztpraxis-wellendorf.de\\\/\",\"logo\":{\"@type\":\"ImageObject\",\"inLanguage\":\"en-GB\",\"@id\":\"https:\\\/\\\/zahnarztpraxis-wellendorf.de\\\/#\\\/schema\\\/logo\\\/image\\\/\",\"url\":\"http:\\\/\\\/e127888.easynamehosting.com\\\/wp-content\\\/uploads\\\/2021\\\/04\\\/logo.png\",\"contentUrl\":\"http:\\\/\\\/e127888.easynamehosting.com\\\/wp-content\\\/uploads\\\/2021\\\/04\\\/logo.png\",\"width\":1167,\"height\":292,\"caption\":\"Zahnarztpraxis Wellendorf\"},\"image\":{\"@id\":\"https:\\\/\\\/zahnarztpraxis-wellendorf.de\\\/#\\\/schema\\\/logo\\\/image\\\/\"},\"sameAs\":[\"https:\\\/\\\/de-de.facebook.com\\\/ZA-Wellendorf-Partner-104305454857432\\\/\",\"https:\\\/\\\/www.instagram.com\\\/zawellendorf\"]}]}<\/script>\n<!-- \/ Yoast SEO plugin. -->","yoast_head_json":{"title":"Impressum - Zahnarztpraxis Wellendorf","robots":{"index":"noindex","follow":"follow","max-snippet":"max-snippet:-1","max-image-preview":"max-image-preview:large","max-video-preview":"max-video-preview:-1"},"og_locale":"en_GB","og_type":"article","og_title":"Impressum - Zahnarztpraxis Wellendorf","og_description":"Information zum Teledienstgesetz (Pflichtangaben nach \u00a7 5 Telemediengesetz) HerausgeberZahnarztpraxis Wellendorf &amp; KollegenKurf\u00fcrstenstr. 79 in 10787 BerlineMail&nbsp;za-wellendorf@web.deTelefon 030 2625063 Zust\u00e4ndige Kammer:Zahn\u00e4rztekammer Berlin | Stallstra\u00dfe 1 | 10585 Berlinwww.zaek-berlin.de Approbationsbeh\u00f6rde:LaGeSo - Landesamt f\u00fcr Gesundheit und Soziales Berlin | Fehrbellinger Platz 1 | 10707 Berlin Kassenzahn\u00e4rztliche Vereinigung:Kassenzahn\u00e4rztliche Vereinigung Berlin | Georg-Wilhelm-Str. 16 | 10711 Berlinwww.kzv-berlin.de Gesetzliche Berufsbezeichnung:&nbsp;Zahnarzt Verleihender [&hellip;]","og_url":"https:\/\/zahnarztpraxis-wellendorf.de\/en\/impressum\/","og_site_name":"Zahnarztpraxis Wellendorf","article_publisher":"https:\/\/de-de.facebook.com\/ZA-Wellendorf-Partner-104305454857432\/","article_modified_time":"2021-08-27T09:24:34+00:00","twitter_card":"summary_large_image","twitter_misc":{"Estimated reading time":"1 minute"},"schema":{"@context":"https:\/\/schema.org","@graph":[{"@type":"WebPage","@id":"https:\/\/zahnarztpraxis-wellendorf.de\/impressum\/","url":"https:\/\/zahnarztpraxis-wellendorf.de\/impressum\/","name":"Impressum - Zahnarztpraxis Wellendorf","isPartOf":{"@id":"https:\/\/zahnarztpraxis-wellendorf.de\/#website"},"datePublished":"2021-04-23T08:18:21+00:00","dateModified":"2021-08-27T09:24:34+00:00","breadcrumb":{"@id":"https:\/\/zahnarztpraxis-wellendorf.de\/impressum\/#breadcrumb"},"inLanguage":"en-GB","potentialAction":[{"@type":"ReadAction","target":["https:\/\/zahnarztpraxis-wellendorf.de\/impressum\/"]}]},{"@type":"BreadcrumbList","@id":"https:\/\/zahnarztpraxis-wellendorf.de\/impressum\/#breadcrumb","itemListElement":[{"@type":"ListItem","position":1,"name":"Startseite","item":"https:\/\/zahnarztpraxis-wellendorf.de\/"},{"@type":"ListItem","position":2,"name":"Impressum"}]},{"@type":"WebSite","@id":"https:\/\/zahnarztpraxis-wellendorf.de\/#website","url":"https:\/\/zahnarztpraxis-wellendorf.de\/","name":"Zahnarztpraxis Wellendorf","description":"","publisher":{"@id":"https:\/\/zahnarztpraxis-wellendorf.de\/#organization"},"potentialAction":[{"@type":"SearchAction","target":{"@type":"EntryPoint","urlTemplate":"https:\/\/zahnarztpraxis-wellendorf.de\/?s={search_term_string}"},"query-input":{"@type":"PropertyValueSpecification","valueRequired":true,"valueName":"search_term_string"}}],"inLanguage":"en-GB"},{"@type":"Organization","@id":"https:\/\/zahnarztpraxis-wellendorf.de\/#organization","name":"Zahnarztpraxis Wellendorf","url":"https:\/\/zahnarztpraxis-wellendorf.de\/","logo":{"@type":"ImageObject","inLanguage":"en-GB","@id":"https:\/\/zahnarztpraxis-wellendorf.de\/#\/schema\/logo\/image\/","url":"http:\/\/e127888.easynamehosting.com\/wp-content\/uploads\/2021\/04\/logo.png","contentUrl":"http:\/\/e127888.easynamehosting.com\/wp-content\/uploads\/2021\/04\/logo.png","width":1167,"height":292,"caption":"Zahnarztpraxis Wellendorf"},"image":{"@id":"https:\/\/zahnarztpraxis-wellendorf.de\/#\/schema\/logo\/image\/"},"sameAs":["https:\/\/de-de.facebook.com\/ZA-Wellendorf-Partner-104305454857432\/","https:\/\/www.instagram.com\/zawellendorf"]}]}},"_links":{"self":[{"href":"https:\/\/zahnarztpraxis-wellendorf.de\/en\/wp-json\/wp\/v2\/pages\/3","targetHints":{"allow":["GET"]}}],"collection":[{"href":"https:\/\/zahnarztpraxis-wellendorf.de\/en\/wp-json\/wp\/v2\/pages"}],"about":[{"href":"https:\/\/zahnarztpraxis-wellendorf.de\/en\/wp-json\/wp\/v2\/types\/page"}],"author":[{"embeddable":true,"href":"https:\/\/zahnarztpraxis-wellendorf.de\/en\/wp-json\/wp\/v2\/users\/1"}],"replies":[{"embeddable":true,"href":"https:\/\/zahnarztpraxis-wellendorf.de\/en\/wp-json\/wp\/v2\/comments?post=3"}],"version-history":[{"count":6,"href":"https:\/\/zahnarztpraxis-wellendorf.de\/en\/wp-json\/wp\/v2\/pages\/3\/revisions"}],"predecessor-version":[{"id":157,"href":"https:\/\/zahnarztpraxis-wellendorf.de\/en\/wp-json\/wp\/v2\/pages\/3\/revisions\/157"}],"wp:attachment":[{"href":"https:\/\/zahnarztpraxis-wellendorf.de\/en\/wp-json\/wp\/v2\/media?parent=3"}],"curies":[{"name":"wp","href":"https:\/\/api.w.org\/{rel}","templated":true}]}}