{"id":94,"date":"2021-07-30T07:29:27","date_gmt":"2021-07-30T07:29:27","guid":{"rendered":"http:\/\/e127888.easynamehosting.com\/?page_id=94"},"modified":"2024-03-05T10:53:23","modified_gmt":"2024-03-05T10:53:23","slug":"kosmetische-zahnmedizin","status":"publish","type":"page","link":"https:\/\/zahnarztpraxis-wellendorf.de\/en\/kosmetische-zahnmedizin\/","title":{"rendered":"<strong>Professional Bleaching<\/strong>"},"content":{"rendered":"<p>Make an appointment for a consultation so that we can individually address your teeth, wishes and questions. How to use the <a data-type=\"URL\" data-id=\"https:\/\/www.philips.de\/c-m-pe\/zahnaufhellung\" href=\"https:\/\/www.philips.de\/c-m-pe\/zahnaufhellung\">Philips Zoom-Technology<\/a> mit blauem LED-Licht und Gel. Diese hellt Ihre Z\u00e4hne in nur 2 Stunden auf. Eine Aufhellung um bis zu 8&nbsp;Farbnuancen ist m\u00f6glich. Um ein ideales Ergebnis erzielen zu k\u00f6nnen, empfehlen wir vor dem Bleaching eine professionelle Zahnreinigung. Bleaching geh\u00f6rt in die H\u00e4nde von zahnmedizinisch ausgebildetem Personal, da mit hochprozentigem Wasserstoffperoxid gearbeitet wird. H\u00e4nde weg von Studios oder Selbstanwendungen!<\/p>","protected":false},"excerpt":{"rendered":"<p>Vereinbaren Sie einen Beratungstermin, damit wir individuell auf Ihre Z\u00e4hne, W\u00fcnsche und Fragen eingehen k\u00f6nnen. Wie verwenden die Philips Zoom-Technologie mit blauem LED-Licht und Gel. Diese hellt Ihre Z\u00e4hne in nur 2 Stunden auf. Eine Aufhellung um bis zu 8&nbsp;Farbnuancen ist m\u00f6glich. Um ein ideales Ergebnis erzielen zu k\u00f6nnen, empfehlen wir vor dem Bleaching eine [&hellip;]<\/p>","protected":false},"author":1,"featured_media":0,"parent":0,"menu_order":0,"comment_status":"closed","ping_status":"closed","template":"","meta":{"footnotes":""},"class_list":["post-94","page","type-page","status-publish","hentry"],"acf":[],"yoast_head":"<!-- This site is optimized with the Yoast SEO plugin v27.6 - https:\/\/yoast.com\/product\/yoast-seo-wordpress\/ -->\n<title>Professionelles Bleaching - Zahnarztpraxis Wellendorf<\/title>\n<meta name=\"robots\" content=\"noindex, follow, max-snippet:-1, max-image-preview:large, max-video-preview:-1\" \/>\n<meta property=\"og:locale\" content=\"en_GB\" \/>\n<meta property=\"og:type\" content=\"article\" \/>\n<meta property=\"og:title\" content=\"Professionelles Bleaching - Zahnarztpraxis Wellendorf\" \/>\n<meta property=\"og:description\" content=\"Vereinbaren Sie einen Beratungstermin, damit wir individuell auf Ihre Z\u00e4hne, W\u00fcnsche und Fragen eingehen k\u00f6nnen. Wie verwenden die Philips Zoom-Technologie mit blauem LED-Licht und Gel. Diese hellt Ihre Z\u00e4hne in nur 2 Stunden auf. Eine Aufhellung um bis zu 8&nbsp;Farbnuancen ist m\u00f6glich. Um ein ideales Ergebnis erzielen zu k\u00f6nnen, empfehlen wir vor dem Bleaching eine [&hellip;]\" \/>\n<meta property=\"og:url\" content=\"https:\/\/zahnarztpraxis-wellendorf.de\/en\/kosmetische-zahnmedizin\/\" \/>\n<meta property=\"og:site_name\" content=\"Zahnarztpraxis Wellendorf\" \/>\n<meta property=\"article:publisher\" content=\"https:\/\/de-de.facebook.com\/ZA-Wellendorf-Partner-104305454857432\/\" \/>\n<meta property=\"article:modified_time\" content=\"2024-03-05T10:53:23+00:00\" \/>\n<meta name=\"twitter:card\" content=\"summary_large_image\" \/>\n<meta name=\"twitter:label1\" content=\"Estimated reading time\" \/>\n\t<meta name=\"twitter:data1\" content=\"1 minute\" \/>\n<script type=\"application\/ld+json\" class=\"yoast-schema-graph\">{\"@context\":\"https:\\\/\\\/schema.org\",\"@graph\":[{\"@type\":\"WebPage\",\"@id\":\"https:\\\/\\\/zahnarztpraxis-wellendorf.de\\\/kosmetische-zahnmedizin\\\/\",\"url\":\"https:\\\/\\\/zahnarztpraxis-wellendorf.de\\\/kosmetische-zahnmedizin\\\/\",\"name\":\"Professionelles Bleaching - Zahnarztpraxis Wellendorf\",\"isPartOf\":{\"@id\":\"https:\\\/\\\/zahnarztpraxis-wellendorf.de\\\/#website\"},\"datePublished\":\"2021-07-30T07:29:27+00:00\",\"dateModified\":\"2024-03-05T10:53:23+00:00\",\"breadcrumb\":{\"@id\":\"https:\\\/\\\/zahnarztpraxis-wellendorf.de\\\/kosmetische-zahnmedizin\\\/#breadcrumb\"},\"inLanguage\":\"en-GB\",\"potentialAction\":[{\"@type\":\"ReadAction\",\"target\":[\"https:\\\/\\\/zahnarztpraxis-wellendorf.de\\\/kosmetische-zahnmedizin\\\/\"]}]},{\"@type\":\"BreadcrumbList\",\"@id\":\"https:\\\/\\\/zahnarztpraxis-wellendorf.de\\\/kosmetische-zahnmedizin\\\/#breadcrumb\",\"itemListElement\":[{\"@type\":\"ListItem\",\"position\":1,\"name\":\"Startseite\",\"item\":\"https:\\\/\\\/zahnarztpraxis-wellendorf.de\\\/\"},{\"@type\":\"ListItem\",\"position\":2,\"name\":\"Professionelles Bleaching\"}]},{\"@type\":\"WebSite\",\"@id\":\"https:\\\/\\\/zahnarztpraxis-wellendorf.de\\\/#website\",\"url\":\"https:\\\/\\\/zahnarztpraxis-wellendorf.de\\\/\",\"name\":\"Zahnarztpraxis Wellendorf\",\"description\":\"\",\"publisher\":{\"@id\":\"https:\\\/\\\/zahnarztpraxis-wellendorf.de\\\/#organization\"},\"potentialAction\":[{\"@type\":\"SearchAction\",\"target\":{\"@type\":\"EntryPoint\",\"urlTemplate\":\"https:\\\/\\\/zahnarztpraxis-wellendorf.de\\\/?s={search_term_string}\"},\"query-input\":{\"@type\":\"PropertyValueSpecification\",\"valueRequired\":true,\"valueName\":\"search_term_string\"}}],\"inLanguage\":\"en-GB\"},{\"@type\":\"Organization\",\"@id\":\"https:\\\/\\\/zahnarztpraxis-wellendorf.de\\\/#organization\",\"name\":\"Zahnarztpraxis Wellendorf\",\"url\":\"https:\\\/\\\/zahnarztpraxis-wellendorf.de\\\/\",\"logo\":{\"@type\":\"ImageObject\",\"inLanguage\":\"en-GB\",\"@id\":\"https:\\\/\\\/zahnarztpraxis-wellendorf.de\\\/#\\\/schema\\\/logo\\\/image\\\/\",\"url\":\"http:\\\/\\\/e127888.easynamehosting.com\\\/wp-content\\\/uploads\\\/2021\\\/04\\\/logo.png\",\"contentUrl\":\"http:\\\/\\\/e127888.easynamehosting.com\\\/wp-content\\\/uploads\\\/2021\\\/04\\\/logo.png\",\"width\":1167,\"height\":292,\"caption\":\"Zahnarztpraxis Wellendorf\"},\"image\":{\"@id\":\"https:\\\/\\\/zahnarztpraxis-wellendorf.de\\\/#\\\/schema\\\/logo\\\/image\\\/\"},\"sameAs\":[\"https:\\\/\\\/de-de.facebook.com\\\/ZA-Wellendorf-Partner-104305454857432\\\/\",\"https:\\\/\\\/www.instagram.com\\\/zawellendorf\"]}]}<\/script>\n<!-- \/ Yoast SEO plugin. -->","yoast_head_json":{"title":"Professionelles Bleaching - Zahnarztpraxis Wellendorf","robots":{"index":"noindex","follow":"follow","max-snippet":"max-snippet:-1","max-image-preview":"max-image-preview:large","max-video-preview":"max-video-preview:-1"},"og_locale":"en_GB","og_type":"article","og_title":"Professionelles Bleaching - Zahnarztpraxis Wellendorf","og_description":"Vereinbaren Sie einen Beratungstermin, damit wir individuell auf Ihre Z\u00e4hne, W\u00fcnsche und Fragen eingehen k\u00f6nnen. Wie verwenden die Philips Zoom-Technologie mit blauem LED-Licht und Gel. Diese hellt Ihre Z\u00e4hne in nur 2 Stunden auf. Eine Aufhellung um bis zu 8&nbsp;Farbnuancen ist m\u00f6glich. Um ein ideales Ergebnis erzielen zu k\u00f6nnen, empfehlen wir vor dem Bleaching eine [&hellip;]","og_url":"https:\/\/zahnarztpraxis-wellendorf.de\/en\/kosmetische-zahnmedizin\/","og_site_name":"Zahnarztpraxis Wellendorf","article_publisher":"https:\/\/de-de.facebook.com\/ZA-Wellendorf-Partner-104305454857432\/","article_modified_time":"2024-03-05T10:53:23+00:00","twitter_card":"summary_large_image","twitter_misc":{"Estimated reading time":"1 minute"},"schema":{"@context":"https:\/\/schema.org","@graph":[{"@type":"WebPage","@id":"https:\/\/zahnarztpraxis-wellendorf.de\/kosmetische-zahnmedizin\/","url":"https:\/\/zahnarztpraxis-wellendorf.de\/kosmetische-zahnmedizin\/","name":"Professionelles Bleaching - Zahnarztpraxis Wellendorf","isPartOf":{"@id":"https:\/\/zahnarztpraxis-wellendorf.de\/#website"},"datePublished":"2021-07-30T07:29:27+00:00","dateModified":"2024-03-05T10:53:23+00:00","breadcrumb":{"@id":"https:\/\/zahnarztpraxis-wellendorf.de\/kosmetische-zahnmedizin\/#breadcrumb"},"inLanguage":"en-GB","potentialAction":[{"@type":"ReadAction","target":["https:\/\/zahnarztpraxis-wellendorf.de\/kosmetische-zahnmedizin\/"]}]},{"@type":"BreadcrumbList","@id":"https:\/\/zahnarztpraxis-wellendorf.de\/kosmetische-zahnmedizin\/#breadcrumb","itemListElement":[{"@type":"ListItem","position":1,"name":"Startseite","item":"https:\/\/zahnarztpraxis-wellendorf.de\/"},{"@type":"ListItem","position":2,"name":"Professionelles Bleaching"}]},{"@type":"WebSite","@id":"https:\/\/zahnarztpraxis-wellendorf.de\/#website","url":"https:\/\/zahnarztpraxis-wellendorf.de\/","name":"Zahnarztpraxis Wellendorf","description":"","publisher":{"@id":"https:\/\/zahnarztpraxis-wellendorf.de\/#organization"},"potentialAction":[{"@type":"SearchAction","target":{"@type":"EntryPoint","urlTemplate":"https:\/\/zahnarztpraxis-wellendorf.de\/?s={search_term_string}"},"query-input":{"@type":"PropertyValueSpecification","valueRequired":true,"valueName":"search_term_string"}}],"inLanguage":"en-GB"},{"@type":"Organization","@id":"https:\/\/zahnarztpraxis-wellendorf.de\/#organization","name":"Zahnarztpraxis Wellendorf","url":"https:\/\/zahnarztpraxis-wellendorf.de\/","logo":{"@type":"ImageObject","inLanguage":"en-GB","@id":"https:\/\/zahnarztpraxis-wellendorf.de\/#\/schema\/logo\/image\/","url":"http:\/\/e127888.easynamehosting.com\/wp-content\/uploads\/2021\/04\/logo.png","contentUrl":"http:\/\/e127888.easynamehosting.com\/wp-content\/uploads\/2021\/04\/logo.png","width":1167,"height":292,"caption":"Zahnarztpraxis Wellendorf"},"image":{"@id":"https:\/\/zahnarztpraxis-wellendorf.de\/#\/schema\/logo\/image\/"},"sameAs":["https:\/\/de-de.facebook.com\/ZA-Wellendorf-Partner-104305454857432\/","https:\/\/www.instagram.com\/zawellendorf"]}]}},"_links":{"self":[{"href":"https:\/\/zahnarztpraxis-wellendorf.de\/en\/wp-json\/wp\/v2\/pages\/94","targetHints":{"allow":["GET"]}}],"collection":[{"href":"https:\/\/zahnarztpraxis-wellendorf.de\/en\/wp-json\/wp\/v2\/pages"}],"about":[{"href":"https:\/\/zahnarztpraxis-wellendorf.de\/en\/wp-json\/wp\/v2\/types\/page"}],"author":[{"embeddable":true,"href":"https:\/\/zahnarztpraxis-wellendorf.de\/en\/wp-json\/wp\/v2\/users\/1"}],"replies":[{"embeddable":true,"href":"https:\/\/zahnarztpraxis-wellendorf.de\/en\/wp-json\/wp\/v2\/comments?post=94"}],"version-history":[{"count":12,"href":"https:\/\/zahnarztpraxis-wellendorf.de\/en\/wp-json\/wp\/v2\/pages\/94\/revisions"}],"predecessor-version":[{"id":225,"href":"https:\/\/zahnarztpraxis-wellendorf.de\/en\/wp-json\/wp\/v2\/pages\/94\/revisions\/225"}],"wp:attachment":[{"href":"https:\/\/zahnarztpraxis-wellendorf.de\/en\/wp-json\/wp\/v2\/media?parent=94"}],"curies":[{"name":"wp","href":"https:\/\/api.w.org\/{rel}","templated":true}]}}