{"id":96,"date":"2021-07-30T07:30:32","date_gmt":"2021-07-30T07:30:32","guid":{"rendered":"http:\/\/e127888.easynamehosting.com\/?page_id=96"},"modified":"2022-12-07T13:58:40","modified_gmt":"2022-12-07T13:58:40","slug":"oralchirurgie","status":"publish","type":"page","link":"https:\/\/zahnarztpraxis-wellendorf.de\/en\/oralchirurgie\/","title":{"rendered":"Oral surgery"},"content":{"rendered":"<p>We work with the highest precision and the most modern technology. Thanks to our many years of surgical experience, we can cover various areas of oral surgery, including the following:<\/p>\n\n\n\n<ul class=\"wp-block-list\">\n<li>Implant restoration using Camlog<\/li>\n\n\n\n<li>Surgical wisdom tooth removal<\/li>\n\n\n\n<li>Root apex resection<\/li>\n\n\n\n<li>Root amputations<\/li>\n\n\n\n<li>Removal of cysts<\/li>\n\n\n\n<li>Preprosthetic surgery<\/li>\n\n\n\n<li>Periodontal surgery<\/li>\n\n\n\n<li>Bone augmentation<\/li>\n\n\n\n<li>Sinusliftoperationen (extern oder intern)<\/li>\n\n\n\n<li>Gesteuerte Knochenregeneration (GBR)<\/li>\n\n\n\n<li>Bone block grafts<\/li>\n\n\n\n<li>Peri-implantitis therapy<\/li>\n\n\n\n<li>Microsurgery<\/li>\n\n\n\n<li>Recession coverage<\/li>\n\n\n\n<li>Kortikotomie (vor kieferorthop\u00e4discher Behandlung)<\/li>\n<\/ul>\n\n\n\n<p><strong>Wir errechnen die Kosten f\u00fcr Ihren Eingriff individuell nach Aufwand. Wir beraten Sie dazu gern unverbindlich. Bitte rufen Sie uns an!<\/strong><\/p>","protected":false},"excerpt":{"rendered":"<p>Wir arbeiten mit h\u00f6chster Pr\u00e4zision und modernster Technik. Dank unserer langj\u00e4hrigen chirurgischen Erfahrung k\u00f6nnen wir verschiedene Bereiche der Oralchirurgie abdecken, darunter folgendes: Wir errechnen die Kosten f\u00fcr Ihren Eingriff individuell nach Aufwand. Wir beraten Sie dazu gern unverbindlich. Bitte rufen Sie uns an!<\/p>","protected":false},"author":1,"featured_media":0,"parent":0,"menu_order":0,"comment_status":"closed","ping_status":"closed","template":"","meta":{"footnotes":""},"class_list":["post-96","page","type-page","status-publish","hentry"],"acf":[],"yoast_head":"<!-- This site is optimized with the Yoast SEO plugin v27.5 - https:\/\/yoast.com\/product\/yoast-seo-wordpress\/ -->\n<title>Oralchirurgie - Zahnarztpraxis Wellendorf<\/title>\n<meta name=\"robots\" content=\"noindex, follow, max-snippet:-1, max-image-preview:large, max-video-preview:-1\" \/>\n<meta property=\"og:locale\" content=\"en_GB\" \/>\n<meta property=\"og:type\" content=\"article\" \/>\n<meta property=\"og:title\" content=\"Oralchirurgie - Zahnarztpraxis Wellendorf\" \/>\n<meta property=\"og:description\" content=\"Wir arbeiten mit h\u00f6chster Pr\u00e4zision und modernster Technik. Dank unserer langj\u00e4hrigen chirurgischen Erfahrung k\u00f6nnen wir verschiedene Bereiche der Oralchirurgie abdecken, darunter folgendes: Wir errechnen die Kosten f\u00fcr Ihren Eingriff individuell nach Aufwand. Wir beraten Sie dazu gern unverbindlich. Bitte rufen Sie uns an!\" \/>\n<meta property=\"og:url\" content=\"https:\/\/zahnarztpraxis-wellendorf.de\/en\/oralchirurgie\/\" \/>\n<meta property=\"og:site_name\" content=\"Zahnarztpraxis Wellendorf\" \/>\n<meta property=\"article:publisher\" content=\"https:\/\/de-de.facebook.com\/ZA-Wellendorf-Partner-104305454857432\/\" \/>\n<meta property=\"article:modified_time\" content=\"2022-12-07T13:58:40+00:00\" \/>\n<meta name=\"twitter:card\" content=\"summary_large_image\" \/>\n<meta name=\"twitter:label1\" content=\"Estimated reading time\" \/>\n\t<meta name=\"twitter:data1\" content=\"1 minute\" \/>\n<script type=\"application\/ld+json\" class=\"yoast-schema-graph\">{\"@context\":\"https:\\\/\\\/schema.org\",\"@graph\":[{\"@type\":\"WebPage\",\"@id\":\"https:\\\/\\\/zahnarztpraxis-wellendorf.de\\\/oralchirurgie\\\/\",\"url\":\"https:\\\/\\\/zahnarztpraxis-wellendorf.de\\\/oralchirurgie\\\/\",\"name\":\"Oralchirurgie - Zahnarztpraxis Wellendorf\",\"isPartOf\":{\"@id\":\"https:\\\/\\\/zahnarztpraxis-wellendorf.de\\\/#website\"},\"datePublished\":\"2021-07-30T07:30:32+00:00\",\"dateModified\":\"2022-12-07T13:58:40+00:00\",\"breadcrumb\":{\"@id\":\"https:\\\/\\\/zahnarztpraxis-wellendorf.de\\\/oralchirurgie\\\/#breadcrumb\"},\"inLanguage\":\"en-GB\",\"potentialAction\":[{\"@type\":\"ReadAction\",\"target\":[\"https:\\\/\\\/zahnarztpraxis-wellendorf.de\\\/oralchirurgie\\\/\"]}]},{\"@type\":\"BreadcrumbList\",\"@id\":\"https:\\\/\\\/zahnarztpraxis-wellendorf.de\\\/oralchirurgie\\\/#breadcrumb\",\"itemListElement\":[{\"@type\":\"ListItem\",\"position\":1,\"name\":\"Startseite\",\"item\":\"https:\\\/\\\/zahnarztpraxis-wellendorf.de\\\/\"},{\"@type\":\"ListItem\",\"position\":2,\"name\":\"Oralchirurgie\"}]},{\"@type\":\"WebSite\",\"@id\":\"https:\\\/\\\/zahnarztpraxis-wellendorf.de\\\/#website\",\"url\":\"https:\\\/\\\/zahnarztpraxis-wellendorf.de\\\/\",\"name\":\"Zahnarztpraxis Wellendorf\",\"description\":\"\",\"publisher\":{\"@id\":\"https:\\\/\\\/zahnarztpraxis-wellendorf.de\\\/#organization\"},\"potentialAction\":[{\"@type\":\"SearchAction\",\"target\":{\"@type\":\"EntryPoint\",\"urlTemplate\":\"https:\\\/\\\/zahnarztpraxis-wellendorf.de\\\/?s={search_term_string}\"},\"query-input\":{\"@type\":\"PropertyValueSpecification\",\"valueRequired\":true,\"valueName\":\"search_term_string\"}}],\"inLanguage\":\"en-GB\"},{\"@type\":\"Organization\",\"@id\":\"https:\\\/\\\/zahnarztpraxis-wellendorf.de\\\/#organization\",\"name\":\"Zahnarztpraxis Wellendorf\",\"url\":\"https:\\\/\\\/zahnarztpraxis-wellendorf.de\\\/\",\"logo\":{\"@type\":\"ImageObject\",\"inLanguage\":\"en-GB\",\"@id\":\"https:\\\/\\\/zahnarztpraxis-wellendorf.de\\\/#\\\/schema\\\/logo\\\/image\\\/\",\"url\":\"http:\\\/\\\/e127888.easynamehosting.com\\\/wp-content\\\/uploads\\\/2021\\\/04\\\/logo.png\",\"contentUrl\":\"http:\\\/\\\/e127888.easynamehosting.com\\\/wp-content\\\/uploads\\\/2021\\\/04\\\/logo.png\",\"width\":1167,\"height\":292,\"caption\":\"Zahnarztpraxis Wellendorf\"},\"image\":{\"@id\":\"https:\\\/\\\/zahnarztpraxis-wellendorf.de\\\/#\\\/schema\\\/logo\\\/image\\\/\"},\"sameAs\":[\"https:\\\/\\\/de-de.facebook.com\\\/ZA-Wellendorf-Partner-104305454857432\\\/\",\"https:\\\/\\\/www.instagram.com\\\/zawellendorf\"]}]}<\/script>\n<!-- \/ Yoast SEO plugin. -->","yoast_head_json":{"title":"Oralchirurgie - Zahnarztpraxis Wellendorf","robots":{"index":"noindex","follow":"follow","max-snippet":"max-snippet:-1","max-image-preview":"max-image-preview:large","max-video-preview":"max-video-preview:-1"},"og_locale":"en_GB","og_type":"article","og_title":"Oralchirurgie - Zahnarztpraxis Wellendorf","og_description":"Wir arbeiten mit h\u00f6chster Pr\u00e4zision und modernster Technik. Dank unserer langj\u00e4hrigen chirurgischen Erfahrung k\u00f6nnen wir verschiedene Bereiche der Oralchirurgie abdecken, darunter folgendes: Wir errechnen die Kosten f\u00fcr Ihren Eingriff individuell nach Aufwand. Wir beraten Sie dazu gern unverbindlich. Bitte rufen Sie uns an!","og_url":"https:\/\/zahnarztpraxis-wellendorf.de\/en\/oralchirurgie\/","og_site_name":"Zahnarztpraxis Wellendorf","article_publisher":"https:\/\/de-de.facebook.com\/ZA-Wellendorf-Partner-104305454857432\/","article_modified_time":"2022-12-07T13:58:40+00:00","twitter_card":"summary_large_image","twitter_misc":{"Estimated reading time":"1 minute"},"schema":{"@context":"https:\/\/schema.org","@graph":[{"@type":"WebPage","@id":"https:\/\/zahnarztpraxis-wellendorf.de\/oralchirurgie\/","url":"https:\/\/zahnarztpraxis-wellendorf.de\/oralchirurgie\/","name":"Oralchirurgie - Zahnarztpraxis Wellendorf","isPartOf":{"@id":"https:\/\/zahnarztpraxis-wellendorf.de\/#website"},"datePublished":"2021-07-30T07:30:32+00:00","dateModified":"2022-12-07T13:58:40+00:00","breadcrumb":{"@id":"https:\/\/zahnarztpraxis-wellendorf.de\/oralchirurgie\/#breadcrumb"},"inLanguage":"en-GB","potentialAction":[{"@type":"ReadAction","target":["https:\/\/zahnarztpraxis-wellendorf.de\/oralchirurgie\/"]}]},{"@type":"BreadcrumbList","@id":"https:\/\/zahnarztpraxis-wellendorf.de\/oralchirurgie\/#breadcrumb","itemListElement":[{"@type":"ListItem","position":1,"name":"Startseite","item":"https:\/\/zahnarztpraxis-wellendorf.de\/"},{"@type":"ListItem","position":2,"name":"Oralchirurgie"}]},{"@type":"WebSite","@id":"https:\/\/zahnarztpraxis-wellendorf.de\/#website","url":"https:\/\/zahnarztpraxis-wellendorf.de\/","name":"Zahnarztpraxis Wellendorf","description":"","publisher":{"@id":"https:\/\/zahnarztpraxis-wellendorf.de\/#organization"},"potentialAction":[{"@type":"SearchAction","target":{"@type":"EntryPoint","urlTemplate":"https:\/\/zahnarztpraxis-wellendorf.de\/?s={search_term_string}"},"query-input":{"@type":"PropertyValueSpecification","valueRequired":true,"valueName":"search_term_string"}}],"inLanguage":"en-GB"},{"@type":"Organization","@id":"https:\/\/zahnarztpraxis-wellendorf.de\/#organization","name":"Zahnarztpraxis Wellendorf","url":"https:\/\/zahnarztpraxis-wellendorf.de\/","logo":{"@type":"ImageObject","inLanguage":"en-GB","@id":"https:\/\/zahnarztpraxis-wellendorf.de\/#\/schema\/logo\/image\/","url":"http:\/\/e127888.easynamehosting.com\/wp-content\/uploads\/2021\/04\/logo.png","contentUrl":"http:\/\/e127888.easynamehosting.com\/wp-content\/uploads\/2021\/04\/logo.png","width":1167,"height":292,"caption":"Zahnarztpraxis Wellendorf"},"image":{"@id":"https:\/\/zahnarztpraxis-wellendorf.de\/#\/schema\/logo\/image\/"},"sameAs":["https:\/\/de-de.facebook.com\/ZA-Wellendorf-Partner-104305454857432\/","https:\/\/www.instagram.com\/zawellendorf"]}]}},"_links":{"self":[{"href":"https:\/\/zahnarztpraxis-wellendorf.de\/en\/wp-json\/wp\/v2\/pages\/96","targetHints":{"allow":["GET"]}}],"collection":[{"href":"https:\/\/zahnarztpraxis-wellendorf.de\/en\/wp-json\/wp\/v2\/pages"}],"about":[{"href":"https:\/\/zahnarztpraxis-wellendorf.de\/en\/wp-json\/wp\/v2\/types\/page"}],"author":[{"embeddable":true,"href":"https:\/\/zahnarztpraxis-wellendorf.de\/en\/wp-json\/wp\/v2\/users\/1"}],"replies":[{"embeddable":true,"href":"https:\/\/zahnarztpraxis-wellendorf.de\/en\/wp-json\/wp\/v2\/comments?post=96"}],"version-history":[{"count":7,"href":"https:\/\/zahnarztpraxis-wellendorf.de\/en\/wp-json\/wp\/v2\/pages\/96\/revisions"}],"predecessor-version":[{"id":210,"href":"https:\/\/zahnarztpraxis-wellendorf.de\/en\/wp-json\/wp\/v2\/pages\/96\/revisions\/210"}],"wp:attachment":[{"href":"https:\/\/zahnarztpraxis-wellendorf.de\/en\/wp-json\/wp\/v2\/media?parent=96"}],"curies":[{"name":"wp","href":"https:\/\/api.w.org\/{rel}","templated":true}]}}